{"id":29,"date":"2025-10-04T22:44:01","date_gmt":"2025-10-04T20:44:01","guid":{"rendered":"https:\/\/dksb-vs.de\/steppach\/impressum\/"},"modified":"2025-10-04T22:44:01","modified_gmt":"2025-10-04T20:44:01","slug":"impressum","status":"publish","type":"page","link":"https:\/\/dksb-vs.de\/steppach\/impressum\/","title":{"rendered":"Impressum"},"content":{"rendered":"\n<div class=\"wp-block-group alignfull has-background-background-color has-background has-global-padding is-layout-constrained wp-container-core-group-is-layout-adba22f5 wp-block-group-is-layout-constrained\" style=\"margin-top:0;margin-bottom:0;padding-top:var(--wp--preset--spacing--60);padding-bottom:var(--wp--preset--spacing--60)\">\n<p><strong>Wichtiger Hinweis: Diese Impressum-Vorlage wurde mit gr\u00f6\u00dfter Sorgfalt erstellt. Dennoch \u00fcbernehmen wir keine Gew\u00e4hr f\u00fcr die Vollst\u00e4ndigkeit und Richtigkeit der Inhalte sowie f\u00fcr deren Rechtssicherheit. Es liegt in der Verantwortung des Nutzers, die Vorlage eigenst\u00e4ndig an die jeweils geltenden gesetzlichen Bestimmungen anzupassen und auf ihre Aktualit\u00e4t zu pr\u00fcfen. Eine Haftung f\u00fcr Sch\u00e4den, die direkt oder indirekt aus der Nutzung dieser Vorlage entstehen, wird ausgeschlossen.<\/strong>\n<br><br>\n\n<strong>Website-Betreiber:<\/strong><br>\n((FIRMENNAME))<br>\n((ANSCHRIFT))<br>\n((PLZ, STADT))<br>\n((LAND))<br><br>\n\n<strong>Kontaktinformationen:<\/strong><br>\nTelefon: ((TELEFONNUMMER))<br>\nE-Mail: ((E-MAIL-ADRESSE))<br>\nWebsite: ((WEBSEITE-URL))<br><br>\n\n<strong>Vertretungsberechtigte Person:<\/strong><br>\n((NAME DER VERTRETUNGSBERECHTIGTEN PERSON))<br>\n(Gesch\u00e4ftsf\u00fchrer\/in)<br><br>\n\n<strong>Unternehmensregistrierung:<\/strong><br>\nRegistergericht: ((NAME DES REGISTERGERICHTS))<br>\nHandelsregisternummer: ((REGISTRIERUNGSNUMMER))<br>\nUmsatzsteuer-ID gem\u00e4\u00df \u00a7 27a UStG: ((UMSATZSTEUER-ID))<br><br>\n\n<strong>Letzte Aktualisierung:<\/strong><br>\n((TT.MM.JJJJ))<\/p>\n<\/div>\n","protected":false},"excerpt":{"rendered":"<p>Wichtiger Hinweis: Diese Impressum-Vorlage wurde mit gr\u00f6\u00dfter Sorgfalt erstellt. Dennoch \u00fcbernehmen wir keine Gew\u00e4hr f\u00fcr die Vollst\u00e4ndigkeit und Richtigkeit der Inhalte sowie f\u00fcr deren Rechtssicherheit. Es liegt in der Verantwortung [&hellip;]<\/p>\n","protected":false},"author":1,"featured_media":0,"parent":0,"menu_order":0,"comment_status":"closed","ping_status":"closed","template":"page-with-title","meta":{"_EventAllDay":false,"_EventTimezone":"","_EventStartDate":"","_EventEndDate":"","_EventStartDateUTC":"","_EventEndDateUTC":"","_EventShowMap":false,"_EventShowMapLink":false,"_EventURL":"","_EventCost":"","_EventCostDescription":"","_EventCurrencySymbol":"","_EventCurrencyCode":"","_EventCurrencyPosition":"","_EventDateTimeSeparator":"","_EventTimeRangeSeparator":"","_EventOrganizerID":[],"_EventVenueID":[],"_OrganizerEmail":"","_OrganizerPhone":"","_OrganizerWebsite":"","_VenueAddress":"","_VenueCity":"","_VenueCountry":"","_VenueProvince":"","_VenueState":"","_VenueZip":"","_VenuePhone":"","_VenueURL":"","_VenueStateProvince":"","_VenueLat":"","_VenueLng":"","_VenueShowMap":false,"_VenueShowMapLink":false,"cybocfi_hide_featured_image":"","footnotes":""},"class_list":["post-29","page","type-page","status-publish","hentry"],"yoast_head":"<!-- This site is optimized with the Yoast SEO plugin v27.4 - https:\/\/yoast.com\/product\/yoast-seo-wordpress\/ -->\n<title>Impressum - Kinderkrippe &quot;Am Steppach&quot;<\/title>\n<meta name=\"robots\" content=\"index, follow, max-snippet:-1, max-image-preview:large, max-video-preview:-1\" \/>\n<link rel=\"canonical\" href=\"https:\/\/dksb-vs.de\/steppach\/impressum\/\" \/>\n<meta property=\"og:locale\" content=\"de_DE\" \/>\n<meta property=\"og:type\" content=\"article\" \/>\n<meta property=\"og:title\" content=\"Impressum - Kinderkrippe &quot;Am Steppach&quot;\" \/>\n<meta property=\"og:description\" content=\"Wichtiger Hinweis: Diese Impressum-Vorlage wurde mit gr\u00f6\u00dfter Sorgfalt erstellt. Dennoch \u00fcbernehmen wir keine Gew\u00e4hr f\u00fcr die Vollst\u00e4ndigkeit und Richtigkeit der Inhalte sowie f\u00fcr deren Rechtssicherheit. Es liegt in der Verantwortung [&hellip;]\" \/>\n<meta property=\"og:url\" content=\"https:\/\/dksb-vs.de\/steppach\/impressum\/\" \/>\n<meta property=\"og:site_name\" content=\"Kinderkrippe &quot;Am Steppach&quot;\" \/>\n<meta name=\"twitter:card\" content=\"summary_large_image\" \/>\n<meta name=\"twitter:label1\" content=\"Gesch\u00e4tzte Lesezeit\" \/>\n\t<meta name=\"twitter:data1\" content=\"1\u00a0Minute\" \/>\n<script type=\"application\/ld+json\" class=\"yoast-schema-graph\">{\"@context\":\"https:\\\/\\\/schema.org\",\"@graph\":[{\"@type\":\"WebPage\",\"@id\":\"https:\\\/\\\/dksb-vs.de\\\/steppach\\\/impressum\\\/\",\"url\":\"https:\\\/\\\/dksb-vs.de\\\/steppach\\\/impressum\\\/\",\"name\":\"Impressum - Kinderkrippe &quot;Am Steppach&quot;\",\"isPartOf\":{\"@id\":\"https:\\\/\\\/dksb-vs.de\\\/steppach\\\/#website\"},\"datePublished\":\"2025-10-04T20:44:01+00:00\",\"breadcrumb\":{\"@id\":\"https:\\\/\\\/dksb-vs.de\\\/steppach\\\/impressum\\\/#breadcrumb\"},\"inLanguage\":\"de\",\"potentialAction\":[{\"@type\":\"ReadAction\",\"target\":[\"https:\\\/\\\/dksb-vs.de\\\/steppach\\\/impressum\\\/\"]}]},{\"@type\":\"BreadcrumbList\",\"@id\":\"https:\\\/\\\/dksb-vs.de\\\/steppach\\\/impressum\\\/#breadcrumb\",\"itemListElement\":[{\"@type\":\"ListItem\",\"position\":1,\"name\":\"Start\",\"item\":\"https:\\\/\\\/dksb-vs.de\\\/steppach\\\/\"},{\"@type\":\"ListItem\",\"position\":2,\"name\":\"Impressum\"}]},{\"@type\":\"WebSite\",\"@id\":\"https:\\\/\\\/dksb-vs.de\\\/steppach\\\/#website\",\"url\":\"https:\\\/\\\/dksb-vs.de\\\/steppach\\\/\",\"name\":\"Kinderkrippe &quot;Am Steppach&quot;\",\"description\":\"\",\"publisher\":{\"@id\":\"https:\\\/\\\/dksb-vs.de\\\/steppach\\\/#organization\"},\"potentialAction\":[{\"@type\":\"SearchAction\",\"target\":{\"@type\":\"EntryPoint\",\"urlTemplate\":\"https:\\\/\\\/dksb-vs.de\\\/steppach\\\/?s={search_term_string}\"},\"query-input\":{\"@type\":\"PropertyValueSpecification\",\"valueRequired\":true,\"valueName\":\"search_term_string\"}}],\"inLanguage\":\"de\"},{\"@type\":\"Organization\",\"@id\":\"https:\\\/\\\/dksb-vs.de\\\/steppach\\\/#organization\",\"name\":\"Kinderkrippe &quot;Am Steppach&quot;\",\"url\":\"https:\\\/\\\/dksb-vs.de\\\/steppach\\\/\",\"logo\":{\"@type\":\"ImageObject\",\"inLanguage\":\"de\",\"@id\":\"https:\\\/\\\/dksb-vs.de\\\/steppach\\\/#\\\/schema\\\/logo\\\/image\\\/\",\"url\":\"https:\\\/\\\/dksb-vs.de\\\/steppach\\\/wp-content\\\/uploads\\\/sites\\\/4\\\/2025\\\/10\\\/ext-custom-logo-1759610613276.webp\",\"contentUrl\":\"https:\\\/\\\/dksb-vs.de\\\/steppach\\\/wp-content\\\/uploads\\\/sites\\\/4\\\/2025\\\/10\\\/ext-custom-logo-1759610613276.webp\",\"width\":256,\"height\":256,\"caption\":\"Kinderkrippe &quot;Am Steppach&quot;\"},\"image\":{\"@id\":\"https:\\\/\\\/dksb-vs.de\\\/steppach\\\/#\\\/schema\\\/logo\\\/image\\\/\"}}]}<\/script>\n<!-- \/ Yoast SEO plugin. -->","yoast_head_json":{"title":"Impressum - Kinderkrippe &quot;Am Steppach&quot;","robots":{"index":"index","follow":"follow","max-snippet":"max-snippet:-1","max-image-preview":"max-image-preview:large","max-video-preview":"max-video-preview:-1"},"canonical":"https:\/\/dksb-vs.de\/steppach\/impressum\/","og_locale":"de_DE","og_type":"article","og_title":"Impressum - Kinderkrippe &quot;Am Steppach&quot;","og_description":"Wichtiger Hinweis: Diese Impressum-Vorlage wurde mit gr\u00f6\u00dfter Sorgfalt erstellt. Dennoch \u00fcbernehmen wir keine Gew\u00e4hr f\u00fcr die Vollst\u00e4ndigkeit und Richtigkeit der Inhalte sowie f\u00fcr deren Rechtssicherheit. Es liegt in der Verantwortung [&hellip;]","og_url":"https:\/\/dksb-vs.de\/steppach\/impressum\/","og_site_name":"Kinderkrippe &quot;Am Steppach&quot;","twitter_card":"summary_large_image","twitter_misc":{"Gesch\u00e4tzte Lesezeit":"1\u00a0Minute"},"schema":{"@context":"https:\/\/schema.org","@graph":[{"@type":"WebPage","@id":"https:\/\/dksb-vs.de\/steppach\/impressum\/","url":"https:\/\/dksb-vs.de\/steppach\/impressum\/","name":"Impressum - Kinderkrippe &quot;Am Steppach&quot;","isPartOf":{"@id":"https:\/\/dksb-vs.de\/steppach\/#website"},"datePublished":"2025-10-04T20:44:01+00:00","breadcrumb":{"@id":"https:\/\/dksb-vs.de\/steppach\/impressum\/#breadcrumb"},"inLanguage":"de","potentialAction":[{"@type":"ReadAction","target":["https:\/\/dksb-vs.de\/steppach\/impressum\/"]}]},{"@type":"BreadcrumbList","@id":"https:\/\/dksb-vs.de\/steppach\/impressum\/#breadcrumb","itemListElement":[{"@type":"ListItem","position":1,"name":"Start","item":"https:\/\/dksb-vs.de\/steppach\/"},{"@type":"ListItem","position":2,"name":"Impressum"}]},{"@type":"WebSite","@id":"https:\/\/dksb-vs.de\/steppach\/#website","url":"https:\/\/dksb-vs.de\/steppach\/","name":"Kinderkrippe &quot;Am Steppach&quot;","description":"","publisher":{"@id":"https:\/\/dksb-vs.de\/steppach\/#organization"},"potentialAction":[{"@type":"SearchAction","target":{"@type":"EntryPoint","urlTemplate":"https:\/\/dksb-vs.de\/steppach\/?s={search_term_string}"},"query-input":{"@type":"PropertyValueSpecification","valueRequired":true,"valueName":"search_term_string"}}],"inLanguage":"de"},{"@type":"Organization","@id":"https:\/\/dksb-vs.de\/steppach\/#organization","name":"Kinderkrippe &quot;Am Steppach&quot;","url":"https:\/\/dksb-vs.de\/steppach\/","logo":{"@type":"ImageObject","inLanguage":"de","@id":"https:\/\/dksb-vs.de\/steppach\/#\/schema\/logo\/image\/","url":"https:\/\/dksb-vs.de\/steppach\/wp-content\/uploads\/sites\/4\/2025\/10\/ext-custom-logo-1759610613276.webp","contentUrl":"https:\/\/dksb-vs.de\/steppach\/wp-content\/uploads\/sites\/4\/2025\/10\/ext-custom-logo-1759610613276.webp","width":256,"height":256,"caption":"Kinderkrippe &quot;Am Steppach&quot;"},"image":{"@id":"https:\/\/dksb-vs.de\/steppach\/#\/schema\/logo\/image\/"}}]}},"jetpack_sharing_enabled":true,"_links":{"self":[{"href":"https:\/\/dksb-vs.de\/steppach\/wp-json\/wp\/v2\/pages\/29","targetHints":{"allow":["GET"]}}],"collection":[{"href":"https:\/\/dksb-vs.de\/steppach\/wp-json\/wp\/v2\/pages"}],"about":[{"href":"https:\/\/dksb-vs.de\/steppach\/wp-json\/wp\/v2\/types\/page"}],"author":[{"embeddable":true,"href":"https:\/\/dksb-vs.de\/steppach\/wp-json\/wp\/v2\/users\/1"}],"replies":[{"embeddable":true,"href":"https:\/\/dksb-vs.de\/steppach\/wp-json\/wp\/v2\/comments?post=29"}],"version-history":[{"count":0,"href":"https:\/\/dksb-vs.de\/steppach\/wp-json\/wp\/v2\/pages\/29\/revisions"}],"wp:attachment":[{"href":"https:\/\/dksb-vs.de\/steppach\/wp-json\/wp\/v2\/media?parent=29"}],"curies":[{"name":"wp","href":"https:\/\/api.w.org\/{rel}","templated":true}]}}